{"id":818,"date":"2020-09-24T14:14:03","date_gmt":"2020-09-24T14:14:03","guid":{"rendered":"https:\/\/www.revivecoaching.be\/?page_id=818"},"modified":"2026-02-05T09:43:00","modified_gmt":"2026-02-05T08:43:00","slug":"riguardo-a-noi","status":"publish","type":"page","link":"https:\/\/www.revivecoaching.be\/it\/over-ons\/","title":{"rendered":"Chi siamo"},"content":{"rendered":"<div data-elementor-type=\"wp-page\" data-elementor-id=\"818\" class=\"elementor elementor-818\" data-elementor-post-type=\"page\">\n\t\t\t\t\t\t<section class=\"elementor-section elementor-top-section elementor-element elementor-element-835be7f elementor-section-boxed elementor-section-height-default elementor-section-height-default\" data-id=\"835be7f\" data-element_type=\"section\" data-e-type=\"section\" data-settings=\"{&quot;background_background&quot;:&quot;classic&quot;}\">\n\t\t\t\t\t\t<div class=\"elementor-container elementor-column-gap-default\">\n\t\t\t\t\t<div class=\"elementor-column elementor-col-100 elementor-top-column elementor-element elementor-element-5ff6fcd\" data-id=\"5ff6fcd\" data-element_type=\"column\" data-e-type=\"column\">\n\t\t\t<div class=\"elementor-widget-wrap elementor-element-populated\">\n\t\t\t\t\t\t<div class=\"elementor-element elementor-element-2e4b59e elementor-widget elementor-widget-spacer\" data-id=\"2e4b59e\" data-element_type=\"widget\" data-e-type=\"widget\" data-widget_type=\"spacer.default\">\n\t\t\t\t<div class=\"elementor-widget-container\">\n\t\t\t\t\t\t\t<div class=\"elementor-spacer\">\n\t\t\t<div class=\"elementor-spacer-inner\"><\/div>\n\t\t<\/div>\n\t\t\t\t\t\t<\/div>\n\t\t\t\t<\/div>\n\t\t\t\t\t<\/div>\n\t\t<\/div>\n\t\t\t\t\t<\/div>\n\t\t<\/section>\n\t\t\t\t<section class=\"elementor-section elementor-top-section elementor-element elementor-element-052950b elementor-section-boxed elementor-section-height-default elementor-section-height-default\" data-id=\"052950b\" data-element_type=\"section\" data-e-type=\"section\">\n\t\t\t\t\t\t<div class=\"elementor-container elementor-column-gap-default\">\n\t\t\t\t\t<div class=\"elementor-column elementor-col-100 elementor-top-column elementor-element elementor-element-24a86a2\" data-id=\"24a86a2\" data-element_type=\"column\" data-e-type=\"column\">\n\t\t\t<div class=\"elementor-widget-wrap elementor-element-populated\">\n\t\t\t\t\t\t<div class=\"elementor-element elementor-element-25bbf61 elementor-widget elementor-widget-spacer\" data-id=\"25bbf61\" data-element_type=\"widget\" data-e-type=\"widget\" data-widget_type=\"spacer.default\">\n\t\t\t\t<div class=\"elementor-widget-container\">\n\t\t\t\t\t\t\t<div class=\"elementor-spacer\">\n\t\t\t<div class=\"elementor-spacer-inner\"><\/div>\n\t\t<\/div>\n\t\t\t\t\t\t<\/div>\n\t\t\t\t<\/div>\n\t\t\t\t<div class=\"elementor-element elementor-element-03682c7 elementor-widget elementor-widget-heading\" data-id=\"03682c7\" data-element_type=\"widget\" data-e-type=\"widget\" data-widget_type=\"heading.default\">\n\t\t\t\t<div class=\"elementor-widget-container\">\n\t\t\t\t\t<h2 class=\"elementor-heading-title elementor-size-default translation-block\">La faccia dietro<br> Revive Coaching<\/h2>\t\t\t\t<\/div>\n\t\t\t\t<\/div>\n\t\t\t\t<div class=\"elementor-element elementor-element-2cb906f elementor-widget-divider--view-line elementor-widget elementor-widget-divider\" data-id=\"2cb906f\" data-element_type=\"widget\" data-e-type=\"widget\" data-widget_type=\"divider.default\">\n\t\t\t\t<div class=\"elementor-widget-container\">\n\t\t\t\t\t\t\t<div class=\"elementor-divider\">\n\t\t\t<span class=\"elementor-divider-separator\">\n\t\t\t\t\t\t<\/span>\n\t\t<\/div>\n\t\t\t\t\t\t<\/div>\n\t\t\t\t<\/div>\n\t\t\t\t<div class=\"elementor-element elementor-element-9efde66 elementor-widget elementor-widget-menu-anchor\" data-id=\"9efde66\" data-element_type=\"widget\" data-e-type=\"widget\" data-widget_type=\"menu-anchor.default\">\n\t\t\t\t<div class=\"elementor-widget-container\">\n\t\t\t\t\t\t\t<div class=\"elementor-menu-anchor\" id=\"els\"><\/div>\n\t\t\t\t\t\t<\/div>\n\t\t\t\t<\/div>\n\t\t\t\t<div class=\"elementor-element elementor-element-65b5cdf elementor-widget elementor-widget-spacer\" data-id=\"65b5cdf\" data-element_type=\"widget\" data-e-type=\"widget\" data-widget_type=\"spacer.default\">\n\t\t\t\t<div class=\"elementor-widget-container\">\n\t\t\t\t\t\t\t<div class=\"elementor-spacer\">\n\t\t\t<div class=\"elementor-spacer-inner\"><\/div>\n\t\t<\/div>\n\t\t\t\t\t\t<\/div>\n\t\t\t\t<\/div>\n\t\t\t\t<section class=\"elementor-section elementor-inner-section elementor-element elementor-element-167aa86 elementor-section-boxed elementor-section-height-default elementor-section-height-default\" data-id=\"167aa86\" data-element_type=\"section\" data-e-type=\"section\">\n\t\t\t\t\t\t<div class=\"elementor-container elementor-column-gap-default\">\n\t\t\t\t\t<div class=\"elementor-column elementor-col-33 elementor-inner-column elementor-element elementor-element-dc17c47\" data-id=\"dc17c47\" data-element_type=\"column\" data-e-type=\"column\" data-settings=\"{&quot;background_background&quot;:&quot;classic&quot;}\">\n\t\t\t<div class=\"elementor-widget-wrap elementor-element-populated\">\n\t\t\t\t\t\t<div class=\"elementor-element elementor-element-1554703 elementor-widget elementor-widget-spacer\" data-id=\"1554703\" data-element_type=\"widget\" data-e-type=\"widget\" data-widget_type=\"spacer.default\">\n\t\t\t\t<div class=\"elementor-widget-container\">\n\t\t\t\t\t\t\t<div class=\"elementor-spacer\">\n\t\t\t<div class=\"elementor-spacer-inner\"><\/div>\n\t\t<\/div>\n\t\t\t\t\t\t<\/div>\n\t\t\t\t<\/div>\n\t\t\t\t\t<\/div>\n\t\t<\/div>\n\t\t\t\t<div class=\"elementor-column elementor-col-33 elementor-inner-column elementor-element elementor-element-c6dc3e2\" data-id=\"c6dc3e2\" data-element_type=\"column\" data-e-type=\"column\">\n\t\t\t<div class=\"elementor-widget-wrap\">\n\t\t\t\t\t\t\t<\/div>\n\t\t<\/div>\n\t\t\t\t<div class=\"elementor-column elementor-col-33 elementor-inner-column elementor-element elementor-element-f39c7b8\" data-id=\"f39c7b8\" data-element_type=\"column\" data-e-type=\"column\">\n\t\t\t<div class=\"elementor-widget-wrap elementor-element-populated\">\n\t\t\t\t\t\t<div class=\"elementor-element elementor-element-8fd5c53 elementor-widget elementor-widget-heading\" data-id=\"8fd5c53\" data-element_type=\"widget\" data-e-type=\"widget\" data-widget_type=\"heading.default\">\n\t\t\t\t<div class=\"elementor-widget-container\">\n\t\t\t\t\t<h2 class=\"elementor-heading-title elementor-size-default\">Els<\/h2>\t\t\t\t<\/div>\n\t\t\t\t<\/div>\n\t\t\t\t<div class=\"elementor-element elementor-element-f7ae408 elementor-widget elementor-widget-text-editor\" data-id=\"f7ae408\" data-element_type=\"widget\" data-e-type=\"widget\" data-widget_type=\"text-editor.default\">\n\t\t\t\t<div class=\"elementor-widget-container\">\n\t\t\t\t\t\t\t\t\t<p><strong>Medico nutrizionista ortomolecolare<\/strong><\/p>\t\t\t\t\t\t\t\t<\/div>\n\t\t\t\t<\/div>\n\t\t\t\t<div class=\"elementor-element elementor-element-02dab37 elementor-widget elementor-widget-text-editor\" data-id=\"02dab37\" data-element_type=\"widget\" data-e-type=\"widget\" data-widget_type=\"text-editor.default\">\n\t\t\t\t<div class=\"elementor-widget-container\">\n\t\t\t\t\t\t\t\t\t<p>Nel 2010 \u00e8 iniziata la mia ricerca di una conoscenza approfondita del rapporto tra alimentazione, stile di vita e ambiente e del suo impatto sul nostro benessere fisico e mentale.<\/p><p>Il viaggio mi ha portato all&#039;Istituto biochimico per la conoscenza ortomolecolare (BIOK).<\/p><p>L\u00ec ho cercato e trovato le spiegazioni biochimiche.<\/p><p>Dopo anni di studio e perfezionamento, ho avuto l&#039;opportunit\u00e0 di lavorare in BIOK come assistente scientifica, autrice, consulente e insegnante. Questo mi ha dato l&#039;opportunit\u00e0 di riqualificarmi alla velocit\u00e0 della luce, stare al passo con nuove intuizioni e avere sempre le conoscenze pi\u00f9 aggiornate nella tasca dei pantaloni.<\/p><p>Per essere sempre aggiornati, \u00e8 una benedizione continuare a seguire da vicino la scienza funzionale e rimanere attivi sul campo attraverso la scrittura di contenuti e la fornitura di webinar, sia per le aziende che attraverso le nostre pratiche.<\/p><p>Negli ultimi anni ho trasmesso le mie conoscenze acquisite. A partire da uno studio di gruppo e dall&#039;estate del 2019 in collaborazione con vari medici funzionali. In tutti questi anni emozionanti e avventurosi siamo stati in grado di guidare molte persone verso una versione migliore di se stessi.<\/p><p>Infine, questo: utilizzando strumenti aggiornati, inclusi esami del sangue complementari a bassa soglia, test del DNA e del microbioma, siamo in grado di mappare le informazioni nutrizionali cos\u00ec come il DNA o il genoma dei nostri clienti. Questo ci fornisce una vasta gamma di informazioni con le quali portiamo sempre i nostri clienti al loro livello successivo.<\/p><p>Nessuna supposizione per noi, perch\u00e9 misurare \u00e8 sapere!<\/p>\t\t\t\t\t\t\t\t<\/div>\n\t\t\t\t<\/div>\n\t\t\t\t\t<\/div>\n\t\t<\/div>\n\t\t\t\t\t<\/div>\n\t\t<\/section>\n\t\t\t\t\t<\/div>\n\t\t<\/div>\n\t\t\t\t\t<\/div>\n\t\t<\/section>\n\t\t\t\t<section class=\"elementor-section elementor-top-section elementor-element elementor-element-fa83671 elementor-section-boxed elementor-section-height-default elementor-section-height-default\" data-id=\"fa83671\" data-element_type=\"section\" data-e-type=\"section\">\n\t\t\t\t\t\t<div class=\"elementor-container elementor-column-gap-default\">\n\t\t\t\t\t<div class=\"elementor-column elementor-col-100 elementor-top-column elementor-element elementor-element-9abb87a\" data-id=\"9abb87a\" data-element_type=\"column\" data-e-type=\"column\" data-settings=\"{&quot;background_background&quot;:&quot;classic&quot;}\">\n\t\t\t<div class=\"elementor-widget-wrap elementor-element-populated\">\n\t\t\t\t\t<div class=\"elementor-background-overlay\"><\/div>\n\t\t\t\t\t\t<div class=\"elementor-element elementor-element-2de5e47 elementor-widget elementor-widget-menu-anchor\" data-id=\"2de5e47\" data-element_type=\"widget\" data-e-type=\"widget\" data-widget_type=\"menu-anchor.default\">\n\t\t\t\t<div class=\"elementor-widget-container\">\n\t\t\t\t\t\t\t<div class=\"elementor-menu-anchor\" id=\"isabelle\"><\/div>\n\t\t\t\t\t\t<\/div>\n\t\t\t\t<\/div>\n\t\t\t\t<div class=\"elementor-element elementor-element-c7493b4 elementor-widget elementor-widget-spacer\" data-id=\"c7493b4\" data-element_type=\"widget\" data-e-type=\"widget\" data-widget_type=\"spacer.default\">\n\t\t\t\t<div class=\"elementor-widget-container\">\n\t\t\t\t\t\t\t<div class=\"elementor-spacer\">\n\t\t\t<div class=\"elementor-spacer-inner\"><\/div>\n\t\t<\/div>\n\t\t\t\t\t\t<\/div>\n\t\t\t\t<\/div>\n\t\t\t\t<section class=\"elementor-section elementor-inner-section elementor-element elementor-element-e08e1e2 elementor-section-boxed elementor-section-height-default elementor-section-height-default\" data-id=\"e08e1e2\" data-element_type=\"section\" data-e-type=\"section\">\n\t\t\t\t\t\t<div class=\"elementor-container elementor-column-gap-default\">\n\t\t\t\t\t<div class=\"elementor-column elementor-col-33 elementor-inner-column elementor-element elementor-element-9a77327\" data-id=\"9a77327\" data-element_type=\"column\" data-e-type=\"column\">\n\t\t\t<div class=\"elementor-widget-wrap elementor-element-populated\">\n\t\t\t\t\t\t<div class=\"elementor-element elementor-element-66e4e2f elementor-widget elementor-widget-heading\" data-id=\"66e4e2f\" data-element_type=\"widget\" data-e-type=\"widget\" data-widget_type=\"heading.default\">\n\t\t\t\t<div class=\"elementor-widget-container\">\n\t\t\t\t\t<h2 class=\"elementor-heading-title elementor-size-default\">Giuditta<\/h2>\t\t\t\t<\/div>\n\t\t\t\t<\/div>\n\t\t\t\t<div class=\"elementor-element elementor-element-8e11e71 elementor-widget elementor-widget-text-editor\" data-id=\"8e11e71\" data-element_type=\"widget\" data-e-type=\"widget\" data-widget_type=\"text-editor.default\">\n\t\t\t\t<div class=\"elementor-widget-container\">\n\t\t\t\t\t\t\t\t\t<p><strong>Assistenza clienti<\/strong><\/p>\t\t\t\t\t\t\t\t<\/div>\n\t\t\t\t<\/div>\n\t\t\t\t<div class=\"elementor-element elementor-element-1822477 elementor-widget elementor-widget-text-editor\" data-id=\"1822477\" data-element_type=\"widget\" data-e-type=\"widget\" data-widget_type=\"text-editor.default\">\n\t\t\t\t<div class=\"elementor-widget-container\">\n\t\t\t\t\t\t\t\t\t<div class=\"x_x_elementToProof\"><div class=\"x_elementToProof\" style=\"text-align: left;\">Dopo aver completato gli studi in Risorse Umane nei Paesi Bassi e aver lavorato per un anno come consulente del personale, ho deciso di trasferirmi in Italia nel 2009 all'et\u00e0 di 25 anni.<\/div><div style=\"text-align: left;\">\u00a0<\/div><div class=\"x_elementToProof\" style=\"text-align: left;\">Alla fine mi sono stabilito vicino a Milano per imparare la lingua e trovare un lavoro.<\/div><div>\u00a0<\/div><div style=\"text-align: left;\">Ho trovato presto lavoro come assistente all'assistenza clienti e poi come account manager per una grande azienda internazionale. Grazie a questa esperienza lavorativa, mi sono resa conto di essere molto pi\u00f9 a mio agio in un ruolo di servizio, piuttosto che in un ruolo commerciale.<\/div><div>\u00a0<\/div><div style=\"text-align: left;\">Dopo una pausa professionale, in cui ho avuto abbastanza tempo per capire dove trovo la mia \"spinta\" in un lavoro, ho deciso di iniziare da sola come assistente virtuale. Di l\u00ec a poco, Revive Coaching mi ha affiancato in questo percorso. Questa collaborazione ha funzionato molto bene!<\/div><div>\u00a0<\/div><div style=\"text-align: left;\">Mi piace essere al servizio di tutti i clienti di Revive Coaching e assistere Els dal punto di vista amministrativo.<\/div><\/div>\t\t\t\t\t\t\t\t<\/div>\n\t\t\t\t<\/div>\n\t\t\t\t\t<\/div>\n\t\t<\/div>\n\t\t\t\t<div class=\"elementor-column elementor-col-33 elementor-inner-column elementor-element elementor-element-9a69a8d\" data-id=\"9a69a8d\" data-element_type=\"column\" data-e-type=\"column\">\n\t\t\t<div class=\"elementor-widget-wrap\">\n\t\t\t\t\t\t\t<\/div>\n\t\t<\/div>\n\t\t\t\t<div class=\"elementor-column elementor-col-33 elementor-inner-column elementor-element elementor-element-ce9d689\" data-id=\"ce9d689\" data-element_type=\"column\" data-e-type=\"column\" data-settings=\"{&quot;background_background&quot;:&quot;classic&quot;}\">\n\t\t\t<div class=\"elementor-widget-wrap elementor-element-populated\">\n\t\t\t\t\t\t<div class=\"elementor-element elementor-element-396f702 elementor-widget elementor-widget-spacer\" data-id=\"396f702\" data-element_type=\"widget\" data-e-type=\"widget\" data-widget_type=\"spacer.default\">\n\t\t\t\t<div class=\"elementor-widget-container\">\n\t\t\t\t\t\t\t<div class=\"elementor-spacer\">\n\t\t\t<div class=\"elementor-spacer-inner\"><\/div>\n\t\t<\/div>\n\t\t\t\t\t\t<\/div>\n\t\t\t\t<\/div>\n\t\t\t\t\t<\/div>\n\t\t<\/div>\n\t\t\t\t\t<\/div>\n\t\t<\/section>\n\t\t\t\t\t<\/div>\n\t\t<\/div>\n\t\t\t\t\t<\/div>\n\t\t<\/section>\n\t\t\t\t<section class=\"elementor-section elementor-top-section elementor-element elementor-element-f8bc1d1 elementor-section-boxed elementor-section-height-default elementor-section-height-default\" data-id=\"f8bc1d1\" data-element_type=\"section\" data-e-type=\"section\">\n\t\t\t\t\t\t<div class=\"elementor-container elementor-column-gap-default\">\n\t\t\t\t\t<div class=\"elementor-column elementor-col-100 elementor-top-column elementor-element elementor-element-29ca55f\" data-id=\"29ca55f\" data-element_type=\"column\" data-e-type=\"column\">\n\t\t\t<div class=\"elementor-widget-wrap elementor-element-populated\">\n\t\t\t\t\t\t<div class=\"elementor-element elementor-element-4c6fc20 elementor-widget elementor-widget-spacer\" data-id=\"4c6fc20\" data-element_type=\"widget\" data-e-type=\"widget\" data-widget_type=\"spacer.default\">\n\t\t\t\t<div class=\"elementor-widget-container\">\n\t\t\t\t\t\t\t<div class=\"elementor-spacer\">\n\t\t\t<div class=\"elementor-spacer-inner\"><\/div>\n\t\t<\/div>\n\t\t\t\t\t\t<\/div>\n\t\t\t\t<\/div>\n\t\t\t\t\t<\/div>\n\t\t<\/div>\n\t\t\t\t\t<\/div>\n\t\t<\/section>\n\t\t\t\t<section class=\"elementor-section elementor-top-section elementor-element elementor-element-478018a elementor-section-boxed elementor-section-height-default elementor-section-height-default\" data-id=\"478018a\" data-element_type=\"section\" data-e-type=\"section\">\n\t\t\t\t\t\t<div class=\"elementor-container elementor-column-gap-default\">\n\t\t\t\t\t<div class=\"elementor-column elementor-col-100 elementor-top-column elementor-element elementor-element-f919f59\" data-id=\"f919f59\" data-element_type=\"column\" data-e-type=\"column\">\n\t\t\t<div class=\"elementor-widget-wrap\">\n\t\t\t\t\t\t\t<\/div>\n\t\t<\/div>\n\t\t\t\t\t<\/div>\n\t\t<\/section>\n\t\t\t\t<\/div>","protected":false},"excerpt":{"rendered":"<p>Het gezicht achterRevive Coaching Els Orthomoleculair nutritionist practitioner In 2010 begon mijn zoektocht naar diepgaande kennis rond het verband tussen voeding, levensstijl en omgeving en de impact daarvan op ons fysiek en mentaal welbevinden. De tocht voerde me naar het biochemisch Instituut voor Orthomoleculaire kennis (BIOK). Daar zocht en vond ik de biochemische verklaringen. Na [&hellip;]<\/p>\n","protected":false},"author":1,"featured_media":0,"parent":0,"menu_order":0,"comment_status":"closed","ping_status":"closed","template":"","meta":{"footnotes":""},"class_list":["post-818","page","type-page","status-publish","hentry","entry","owp-thumbs-layout-horizontal","owp-btn-normal","owp-tabs-layout-horizontal","has-no-thumbnails","has-product-nav"],"yoast_head":"<!-- This site is optimized with the Yoast SEO plugin v27.6 - https:\/\/yoast.com\/product\/yoast-seo-wordpress\/ -->\n<title>Over ons - Revive Coaching<\/title>\n<meta name=\"description\" content=\"Het gezicht achter Revive Coaching. Twee experten, \u00e9\u00e9nzelfde visie: Els - Orthomoleculair Nutritionist Practitioner &amp; Els - Health Coach\" \/>\n<meta name=\"robots\" content=\"index, follow, max-snippet:-1, max-image-preview:large, max-video-preview:-1\" \/>\n<link rel=\"canonical\" href=\"https:\/\/www.revivecoaching.be\/it\/riguardo-a-noi\/\" \/>\n<meta property=\"og:locale\" content=\"it_IT\" \/>\n<meta property=\"og:type\" content=\"article\" \/>\n<meta property=\"og:title\" content=\"Over ons - Revive Coaching\" \/>\n<meta property=\"og:description\" content=\"Het gezicht achter Revive Coaching. Twee experten, \u00e9\u00e9nzelfde visie: Els - Orthomoleculair Nutritionist Practitioner &amp; Els - Health Coach\" \/>\n<meta property=\"og:url\" content=\"https:\/\/www.revivecoaching.be\/it\/riguardo-a-noi\/\" \/>\n<meta property=\"og:site_name\" content=\"Revive Coaching\" \/>\n<meta property=\"article:publisher\" content=\"https:\/\/www.facebook.com\/Revivegezondheidscoaching\/\" \/>\n<meta property=\"article:modified_time\" content=\"2026-02-05T08:43:00+00:00\" \/>\n<meta property=\"og:image\" content=\"https:\/\/www.revivecoaching.be\/wp-content\/uploads\/2020\/09\/3S2A3343-scaled.jpg\" \/>\n\t<meta property=\"og:image:width\" content=\"2560\" \/>\n\t<meta property=\"og:image:height\" content=\"1707\" \/>\n\t<meta property=\"og:image:type\" content=\"image\/jpeg\" \/>\n<meta name=\"twitter:card\" content=\"summary_large_image\" \/>\n<meta name=\"twitter:title\" content=\"Over ons - Revive Coaching\" \/>\n<meta name=\"twitter:description\" content=\"Het gezicht achter Revive Coaching. Twee experten, \u00e9\u00e9nzelfde visie: Els - Orthomoleculair Nutritionist Practitioner &amp; Els - Health Coach\" \/>\n<meta name=\"twitter:image\" content=\"https:\/\/www.revivecoaching.be\/wp-content\/uploads\/2020\/09\/3S2A3343-scaled.jpg\" \/>\n<meta name=\"twitter:label1\" content=\"Tempo di lettura stimato\" \/>\n\t<meta name=\"twitter:data1\" content=\"3 minuti\" \/>\n<script type=\"application\/ld+json\" class=\"yoast-schema-graph\">{\"@context\":\"https:\\\/\\\/schema.org\",\"@graph\":[{\"@type\":\"WebPage\",\"@id\":\"https:\\\/\\\/www.revivecoaching.be\\\/over-ons\\\/\",\"url\":\"https:\\\/\\\/www.revivecoaching.be\\\/over-ons\\\/\",\"name\":\"Over ons - Revive Coaching\",\"isPartOf\":{\"@id\":\"https:\\\/\\\/www.revivecoaching.be\\\/#website\"},\"datePublished\":\"2020-09-24T14:14:03+00:00\",\"dateModified\":\"2026-02-05T08:43:00+00:00\",\"description\":\"Het gezicht achter Revive Coaching. Twee experten, \u00e9\u00e9nzelfde visie: Els - Orthomoleculair Nutritionist Practitioner & Els - Health Coach\",\"breadcrumb\":{\"@id\":\"https:\\\/\\\/www.revivecoaching.be\\\/over-ons\\\/#breadcrumb\"},\"inLanguage\":\"it-IT\",\"potentialAction\":[{\"@type\":\"ReadAction\",\"target\":[\"https:\\\/\\\/www.revivecoaching.be\\\/over-ons\\\/\"]}]},{\"@type\":\"BreadcrumbList\",\"@id\":\"https:\\\/\\\/www.revivecoaching.be\\\/over-ons\\\/#breadcrumb\",\"itemListElement\":[{\"@type\":\"ListItem\",\"position\":1,\"name\":\"Home\",\"item\":\"https:\\\/\\\/www.revivecoaching.be\\\/\"},{\"@type\":\"ListItem\",\"position\":2,\"name\":\"Over ons\"}]},{\"@type\":\"WebSite\",\"@id\":\"https:\\\/\\\/www.revivecoaching.be\\\/#website\",\"url\":\"https:\\\/\\\/www.revivecoaching.be\\\/\",\"name\":\"Revive Coaching\",\"description\":\"Your revive starts here!\",\"publisher\":{\"@id\":\"https:\\\/\\\/www.revivecoaching.be\\\/#organization\"},\"potentialAction\":[{\"@type\":\"SearchAction\",\"target\":{\"@type\":\"EntryPoint\",\"urlTemplate\":\"https:\\\/\\\/www.revivecoaching.be\\\/?s={search_term_string}\"},\"query-input\":{\"@type\":\"PropertyValueSpecification\",\"valueRequired\":true,\"valueName\":\"search_term_string\"}}],\"inLanguage\":\"it-IT\"},{\"@type\":\"Organization\",\"@id\":\"https:\\\/\\\/www.revivecoaching.be\\\/#organization\",\"name\":\"Revive Coaching\",\"url\":\"https:\\\/\\\/www.revivecoaching.be\\\/\",\"logo\":{\"@type\":\"ImageObject\",\"inLanguage\":\"it-IT\",\"@id\":\"https:\\\/\\\/www.revivecoaching.be\\\/#\\\/schema\\\/logo\\\/image\\\/\",\"url\":\"https:\\\/\\\/www.revivecoaching.be\\\/wp-content\\\/uploads\\\/2020\\\/09\\\/Revive-Logo-HD_A-1024x1024.png\",\"contentUrl\":\"https:\\\/\\\/www.revivecoaching.be\\\/wp-content\\\/uploads\\\/2020\\\/09\\\/Revive-Logo-HD_A-1024x1024.png\",\"width\":1024,\"height\":1024,\"caption\":\"Revive Coaching\"},\"image\":{\"@id\":\"https:\\\/\\\/www.revivecoaching.be\\\/#\\\/schema\\\/logo\\\/image\\\/\"},\"sameAs\":[\"https:\\\/\\\/www.facebook.com\\\/Revivegezondheidscoaching\\\/\",\"https:\\\/\\\/www.instagram.com\\\/revivecoaching\\\/\"]}]}<\/script>\n<!-- \/ Yoast SEO plugin. -->","yoast_head_json":{"title":"Chi siamo - Revive Coaching","description":"Il volto dietro Revive Coaching. Due esperti, la stessa visione: Els - Ortomolecolare Nutritionist Practitioner &amp; Els - Health Coach","robots":{"index":"index","follow":"follow","max-snippet":"max-snippet:-1","max-image-preview":"max-image-preview:large","max-video-preview":"max-video-preview:-1"},"canonical":"https:\/\/www.revivecoaching.be\/it\/riguardo-a-noi\/","og_locale":"it_IT","og_type":"article","og_title":"Over ons - Revive Coaching","og_description":"Het gezicht achter Revive Coaching. Twee experten, \u00e9\u00e9nzelfde visie: Els - Orthomoleculair Nutritionist Practitioner & Els - Health Coach","og_url":"https:\/\/www.revivecoaching.be\/it\/riguardo-a-noi\/","og_site_name":"Revive Coaching","article_publisher":"https:\/\/www.facebook.com\/Revivegezondheidscoaching\/","article_modified_time":"2026-02-05T08:43:00+00:00","og_image":[{"width":2560,"height":1707,"url":"https:\/\/www.revivecoaching.be\/wp-content\/uploads\/2020\/09\/3S2A3343-scaled.jpg","type":"image\/jpeg"}],"twitter_card":"summary_large_image","twitter_title":"Over ons - Revive Coaching","twitter_description":"Het gezicht achter Revive Coaching. Twee experten, \u00e9\u00e9nzelfde visie: Els - Orthomoleculair Nutritionist Practitioner & Els - Health Coach","twitter_image":"https:\/\/www.revivecoaching.be\/wp-content\/uploads\/2020\/09\/3S2A3343-scaled.jpg","twitter_misc":{"Tempo di lettura stimato":"3 minuti"},"schema":{"@context":"https:\/\/schema.org","@graph":[{"@type":"WebPage","@id":"https:\/\/www.revivecoaching.be\/over-ons\/","url":"https:\/\/www.revivecoaching.be\/over-ons\/","name":"Chi siamo - Revive Coaching","isPartOf":{"@id":"https:\/\/www.revivecoaching.be\/#website"},"datePublished":"2020-09-24T14:14:03+00:00","dateModified":"2026-02-05T08:43:00+00:00","description":"Il volto dietro Revive Coaching. Due esperti, la stessa visione: Els - Ortomolecolare Nutritionist Practitioner &amp; Els - Health Coach","breadcrumb":{"@id":"https:\/\/www.revivecoaching.be\/over-ons\/#breadcrumb"},"inLanguage":"it-IT","potentialAction":[{"@type":"ReadAction","target":["https:\/\/www.revivecoaching.be\/over-ons\/"]}]},{"@type":"BreadcrumbList","@id":"https:\/\/www.revivecoaching.be\/over-ons\/#breadcrumb","itemListElement":[{"@type":"ListItem","position":1,"name":"Home","item":"https:\/\/www.revivecoaching.be\/"},{"@type":"ListItem","position":2,"name":"Over ons"}]},{"@type":"WebSite","@id":"https:\/\/www.revivecoaching.be\/#website","url":"https:\/\/www.revivecoaching.be\/","name":"Revive Coaching","description":"La vostra rinascita inizia qui!","publisher":{"@id":"https:\/\/www.revivecoaching.be\/#organization"},"potentialAction":[{"@type":"SearchAction","target":{"@type":"EntryPoint","urlTemplate":"https:\/\/www.revivecoaching.be\/?s={search_term_string}"},"query-input":{"@type":"PropertyValueSpecification","valueRequired":true,"valueName":"search_term_string"}}],"inLanguage":"it-IT"},{"@type":"Organization","@id":"https:\/\/www.revivecoaching.be\/#organization","name":"Revive Coaching","url":"https:\/\/www.revivecoaching.be\/","logo":{"@type":"ImageObject","inLanguage":"it-IT","@id":"https:\/\/www.revivecoaching.be\/#\/schema\/logo\/image\/","url":"https:\/\/www.revivecoaching.be\/wp-content\/uploads\/2020\/09\/Revive-Logo-HD_A-1024x1024.png","contentUrl":"https:\/\/www.revivecoaching.be\/wp-content\/uploads\/2020\/09\/Revive-Logo-HD_A-1024x1024.png","width":1024,"height":1024,"caption":"Revive Coaching"},"image":{"@id":"https:\/\/www.revivecoaching.be\/#\/schema\/logo\/image\/"},"sameAs":["https:\/\/www.facebook.com\/Revivegezondheidscoaching\/","https:\/\/www.instagram.com\/revivecoaching\/"]}]}},"_links":{"self":[{"href":"https:\/\/www.revivecoaching.be\/it\/wp-json\/wp\/v2\/pages\/818","targetHints":{"allow":["GET"]}}],"collection":[{"href":"https:\/\/www.revivecoaching.be\/it\/wp-json\/wp\/v2\/pages"}],"about":[{"href":"https:\/\/www.revivecoaching.be\/it\/wp-json\/wp\/v2\/types\/page"}],"author":[{"embeddable":true,"href":"https:\/\/www.revivecoaching.be\/it\/wp-json\/wp\/v2\/users\/1"}],"replies":[{"embeddable":true,"href":"https:\/\/www.revivecoaching.be\/it\/wp-json\/wp\/v2\/comments?post=818"}],"version-history":[{"count":35,"href":"https:\/\/www.revivecoaching.be\/it\/wp-json\/wp\/v2\/pages\/818\/revisions"}],"predecessor-version":[{"id":37119,"href":"https:\/\/www.revivecoaching.be\/it\/wp-json\/wp\/v2\/pages\/818\/revisions\/37119"}],"wp:attachment":[{"href":"https:\/\/www.revivecoaching.be\/it\/wp-json\/wp\/v2\/media?parent=818"}],"curies":[{"name":"wp","href":"https:\/\/api.w.org\/{rel}","templated":true}]}}