{"id":32226,"date":"2023-11-08T13:04:48","date_gmt":"2023-11-08T12:04:48","guid":{"rendered":"https:\/\/www.revivecoaching.be\/?post_type=product&#038;p=32226"},"modified":"2026-03-09T14:55:53","modified_gmt":"2026-03-09T13:55:53","slug":"prevent-360","status":"publish","type":"product","link":"https:\/\/www.revivecoaching.be\/it\/product\/prevent-360\/","title":{"rendered":"Prevent 360"},"content":{"rendered":"","protected":false},"excerpt":{"rendered":"<p><strong>Prevent 360<\/strong><\/p>\n<div class=\"x_elementToProof\" data-olk-copy-source=\"MessageBody\">Tijdens de Prevent 360 gaan we deze tools gebruiken om een verregaand inzicht te krijgen in jou gezondheid:<\/div>\n<ol start=\"1\" data-editing-info=\"{&quot;applyListStyleFromLevel&quot;:false,&quot;orderedStyleType&quot;:1}\">\n<li>\n<div class=\"x_elementToProof\">Prevent 360 bloedtest<\/div>\n<\/li>\n<li>\n<div class=\"x_elementToProof\">Microbioomanalyse<\/div>\n<\/li>\n<\/ol>\n<div class=\"x_elementToProof\"><span data-olk-copy-source=\"MessageBody\">Bij Revive Coaching dragen we het principe van METEN is WETEN dus steeds hoog in het vaandel.<\/span><\/div>\n<div><\/div>\n<div class=\"x_elementToProof\">Aan de hand van deze analyses zie je duidelijk waar jouw schoentje knelt.\u00a0 We bespreken tijdens vier \u00e9en-op-\u00e9\u00e9n sessies hoe jij terug naar een optimale gezondheid kan evolueren aan de hand van voeding-, leefstijlaanpassingen en waar nodig aanvullingen met nutraceuticals (in de volksmond voedingssupplementen genoemd maar dan van hoogstaande kwaliteit).<\/div>\n<div class=\"x_elementToProof\"><\/div>\n<p>Volete vedere un esempio di questo? <a href=\"https:\/\/www.revivecoaching.be\/wp-content\/uploads\/2026\/02\/N360-Biovis-Prevent-360-2025-mit-I-NL-1.pdf\">Guardate qui!<\/a><\/p>\n<div class=\"x_elementToProof\"><b data-olk-copy-source=\"MessageBody\">Naast de prevent 360 bloedtest vertelt jouw darmmicrobioom ons veel over jouw gezondheid.<\/b><\/div>\n<div class=\"x_elementToProof\"><b>Voor een demoversie: <\/b><a href=\"https:\/\/www.revivecoaching.be\/wp-content\/uploads\/2024\/05\/500193644_MICR_SIMPSON-MARGE-voorbeeldnieuw-1.pdf\">vedi qui<\/a>.<\/div>\n<div><\/div>\n<div>Als extra bonus krijg je toegang tot jouw gepersonaliseerde 24\/7 AI gids.<\/div>\n<div><\/div>\n<div>\n<div class=\"x_elementToProof\">Siete pronti a dare un'occhiata concreta alla vostra salute per scoprire finalmente la causa principale dei vostri disturbi?<\/div>\n<div><\/div>\n<div class=\"x_elementToProof\">Dan is onze Prevent 360 echt iets voor jou!<\/div>\n<div><\/div>\n<div class=\"x_elementToProof\"><b>Let wel: de Fidlab microbioomtest (\u20ac 189) moet extra betaald worden aan het labo.<\/b><\/div>\n<div><\/div>\n<div class=\"x_elementToProof\"><b>Nog ter info: Dit traject bevat 4 uitgebreide consulten maar geen leefstijlcoaching.<\/b><\/div>\n<div class=\"x_elementToProof\"><b>Se si preferisce pagare in 3 rate, \u00e8 possibile farlo\u00a0<\/b><b><a id=\"OWA9df815b4-8287-8de5-6247-da732a987282\" class=\"x_OWAAutoLink\" title=\"https:\/\/revivecoachingbe.plugandpay.nl\/checkout\/gezondheidsnavigator-basic\" href=\"https:\/\/revivecoachingbe.plugandpay.nl\/checkout\/prevent-360\" data-auth=\"NotApplicable\" data-linkindex=\"3\">qui<\/a><\/b><b>.<\/b><\/div>\n<\/div>","protected":false},"featured_media":37491,"template":"","meta":[],"product_brand":[],"product_cat":[73],"product_tag":[],"class_list":{"0":"post-32226","1":"product","2":"type-product","3":"status-publish","4":"has-post-thumbnail","6":"product_cat-aanbod-revive-coaching","8":"entry","9":"has-media","11":"first","12":"instock","13":"taxable","14":"shipping-taxable","15":"product-type-simple","16":"has-product-nav","17":"col","18":"span_1_of_3","19":"owp-content-center","20":"owp-thumbs-layout-horizontal","21":"owp-btn-normal","22":"owp-tabs-layout-horizontal","23":"has-no-thumbnails"},"yoast_head":"<!-- This site is optimized with the Yoast SEO plugin v27.4 - https:\/\/yoast.com\/product\/yoast-seo-wordpress\/ -->\n<title>Prevent 360 - Revive Coaching<\/title>\n<meta name=\"robots\" content=\"index, follow, max-snippet:-1, max-image-preview:large, max-video-preview:-1\" \/>\n<link rel=\"canonical\" href=\"https:\/\/www.revivecoaching.be\/it\/prodotto-2\/prevent-360\/\" \/>\n<meta property=\"og:locale\" content=\"it_IT\" \/>\n<meta property=\"og:type\" content=\"article\" \/>\n<meta property=\"og:title\" content=\"Prevent 360 - Revive Coaching\" \/>\n<meta property=\"og:description\" content=\"Prevent 360 Tijdens de Prevent 360 gaan we deze tools gebruiken om een verregaand inzicht te krijgen in jou gezondheid:    Prevent 360 bloedtest   Microbioomanalyse  Bij Revive Coaching dragen we het principe van METEN is WETEN dus steeds hoog in het vaandel.  Aan de hand van deze analyses zie je duidelijk waar jouw schoentje knelt.\u00a0 We bespreken tijdens vier \u00e9en-op-\u00e9\u00e9n sessies hoe jij terug naar een optimale gezondheid kan evolueren aan de hand van voeding-, leefstijlaanpassingen en waar nodig aanvullingen met nutraceuticals (in de volksmond voedingssupplementen genoemd maar dan van hoogstaande kwaliteit).  Wil je graag een voorbeeld hiervan zien? Kijk hier! Naast de prevent 360 bloedtest vertelt jouw darmmicrobioom ons veel over jouw gezondheid. Voor een demoversie: zie hier.  Als extra bonus krijg je toegang tot jouw gepersonaliseerde 24\/7 AI gids.   Ben jij klaar voor een echte kijk in jouw gezondheid om eindelijk de oorzaak van jouw klachten ten gronde te ontdekken?  Dan is onze Prevent 360 echt iets voor jou!  Let wel: de Fidlab microbioomtest (\u20ac 189) moet extra betaald worden aan het labo.  Nog ter info: Dit traject bevat 4 uitgebreide consulten maar geen leefstijlcoaching. Betaal je liever in 3 keer, dan kan dat\u00a0hier.\" \/>\n<meta property=\"og:url\" content=\"https:\/\/www.revivecoaching.be\/it\/prodotto-2\/prevent-360\/\" \/>\n<meta property=\"og:site_name\" content=\"Revive Coaching\" \/>\n<meta property=\"article:publisher\" content=\"https:\/\/www.facebook.com\/Revivegezondheidscoaching\/\" \/>\n<meta property=\"article:modified_time\" content=\"2026-03-09T13:55:53+00:00\" \/>\n<meta property=\"og:image\" content=\"https:\/\/www.revivecoaching.be\/wp-content\/uploads\/2023\/11\/Aanbod-21.png\" \/>\n\t<meta property=\"og:image:width\" content=\"1080\" \/>\n\t<meta property=\"og:image:height\" content=\"1080\" \/>\n\t<meta property=\"og:image:type\" content=\"image\/png\" \/>\n<meta name=\"twitter:card\" content=\"summary_large_image\" \/>\n<meta name=\"twitter:label1\" content=\"Tempo di lettura stimato\" \/>\n\t<meta name=\"twitter:data1\" content=\"1 minuto\" \/>\n<script type=\"application\/ld+json\" class=\"yoast-schema-graph\">{\"@context\":\"https:\\\/\\\/schema.org\",\"@graph\":[{\"@type\":\"WebPage\",\"@id\":\"https:\\\/\\\/www.revivecoaching.be\\\/product\\\/prevent-360\\\/\",\"url\":\"https:\\\/\\\/www.revivecoaching.be\\\/product\\\/prevent-360\\\/\",\"name\":\"Prevent 360 - Revive Coaching\",\"isPartOf\":{\"@id\":\"https:\\\/\\\/www.revivecoaching.be\\\/#website\"},\"primaryImageOfPage\":{\"@id\":\"https:\\\/\\\/www.revivecoaching.be\\\/product\\\/prevent-360\\\/#primaryimage\"},\"image\":{\"@id\":\"https:\\\/\\\/www.revivecoaching.be\\\/product\\\/prevent-360\\\/#primaryimage\"},\"thumbnailUrl\":\"https:\\\/\\\/www.revivecoaching.be\\\/wp-content\\\/uploads\\\/2023\\\/11\\\/Aanbod-21.png\",\"datePublished\":\"2023-11-08T12:04:48+00:00\",\"dateModified\":\"2026-03-09T13:55:53+00:00\",\"breadcrumb\":{\"@id\":\"https:\\\/\\\/www.revivecoaching.be\\\/product\\\/prevent-360\\\/#breadcrumb\"},\"inLanguage\":\"it-IT\",\"potentialAction\":[{\"@type\":\"ReadAction\",\"target\":[\"https:\\\/\\\/www.revivecoaching.be\\\/product\\\/prevent-360\\\/\"]}]},{\"@type\":\"ImageObject\",\"inLanguage\":\"it-IT\",\"@id\":\"https:\\\/\\\/www.revivecoaching.be\\\/product\\\/prevent-360\\\/#primaryimage\",\"url\":\"https:\\\/\\\/www.revivecoaching.be\\\/wp-content\\\/uploads\\\/2023\\\/11\\\/Aanbod-21.png\",\"contentUrl\":\"https:\\\/\\\/www.revivecoaching.be\\\/wp-content\\\/uploads\\\/2023\\\/11\\\/Aanbod-21.png\",\"width\":1080,\"height\":1080},{\"@type\":\"BreadcrumbList\",\"@id\":\"https:\\\/\\\/www.revivecoaching.be\\\/product\\\/prevent-360\\\/#breadcrumb\",\"itemListElement\":[{\"@type\":\"ListItem\",\"position\":1,\"name\":\"Home\",\"item\":\"https:\\\/\\\/www.revivecoaching.be\\\/\"},{\"@type\":\"ListItem\",\"position\":2,\"name\":\"Winkel\",\"item\":\"https:\\\/\\\/www.revivecoaching.be\\\/winkel\\\/\"},{\"@type\":\"ListItem\",\"position\":3,\"name\":\"Aanbod Revive Coaching\",\"item\":\"https:\\\/\\\/www.revivecoaching.be\\\/product-categorie\\\/aanbod-revive-coaching\\\/\"},{\"@type\":\"ListItem\",\"position\":4,\"name\":\"Prevent 360\"}]},{\"@type\":\"WebSite\",\"@id\":\"https:\\\/\\\/www.revivecoaching.be\\\/#website\",\"url\":\"https:\\\/\\\/www.revivecoaching.be\\\/\",\"name\":\"Revive Coaching\",\"description\":\"Your revive starts here!\",\"publisher\":{\"@id\":\"https:\\\/\\\/www.revivecoaching.be\\\/#organization\"},\"potentialAction\":[{\"@type\":\"SearchAction\",\"target\":{\"@type\":\"EntryPoint\",\"urlTemplate\":\"https:\\\/\\\/www.revivecoaching.be\\\/?s={search_term_string}\"},\"query-input\":{\"@type\":\"PropertyValueSpecification\",\"valueRequired\":true,\"valueName\":\"search_term_string\"}}],\"inLanguage\":\"it-IT\"},{\"@type\":\"Organization\",\"@id\":\"https:\\\/\\\/www.revivecoaching.be\\\/#organization\",\"name\":\"Revive Coaching\",\"url\":\"https:\\\/\\\/www.revivecoaching.be\\\/\",\"logo\":{\"@type\":\"ImageObject\",\"inLanguage\":\"it-IT\",\"@id\":\"https:\\\/\\\/www.revivecoaching.be\\\/#\\\/schema\\\/logo\\\/image\\\/\",\"url\":\"https:\\\/\\\/www.revivecoaching.be\\\/wp-content\\\/uploads\\\/2020\\\/09\\\/Revive-Logo-HD_A-1024x1024.png\",\"contentUrl\":\"https:\\\/\\\/www.revivecoaching.be\\\/wp-content\\\/uploads\\\/2020\\\/09\\\/Revive-Logo-HD_A-1024x1024.png\",\"width\":1024,\"height\":1024,\"caption\":\"Revive Coaching\"},\"image\":{\"@id\":\"https:\\\/\\\/www.revivecoaching.be\\\/#\\\/schema\\\/logo\\\/image\\\/\"},\"sameAs\":[\"https:\\\/\\\/www.facebook.com\\\/Revivegezondheidscoaching\\\/\",\"https:\\\/\\\/www.instagram.com\\\/revivecoaching\\\/\"]}]}<\/script>\n<!-- \/ Yoast SEO plugin. -->","yoast_head_json":{"title":"Prevent 360 - Revive Coaching","robots":{"index":"index","follow":"follow","max-snippet":"max-snippet:-1","max-image-preview":"max-image-preview:large","max-video-preview":"max-video-preview:-1"},"canonical":"https:\/\/www.revivecoaching.be\/it\/prodotto-2\/prevent-360\/","og_locale":"it_IT","og_type":"article","og_title":"Prevent 360 - Revive Coaching","og_description":"Prevent 360 Tijdens de Prevent 360 gaan we deze tools gebruiken om een verregaand inzicht te krijgen in jou gezondheid:    Prevent 360 bloedtest   Microbioomanalyse  Bij Revive Coaching dragen we het principe van METEN is WETEN dus steeds hoog in het vaandel.  Aan de hand van deze analyses zie je duidelijk waar jouw schoentje knelt.\u00a0 We bespreken tijdens vier \u00e9en-op-\u00e9\u00e9n sessies hoe jij terug naar een optimale gezondheid kan evolueren aan de hand van voeding-, leefstijlaanpassingen en waar nodig aanvullingen met nutraceuticals (in de volksmond voedingssupplementen genoemd maar dan van hoogstaande kwaliteit).  Wil je graag een voorbeeld hiervan zien? Kijk hier! Naast de prevent 360 bloedtest vertelt jouw darmmicrobioom ons veel over jouw gezondheid. Voor een demoversie: zie hier.  Als extra bonus krijg je toegang tot jouw gepersonaliseerde 24\/7 AI gids.   Ben jij klaar voor een echte kijk in jouw gezondheid om eindelijk de oorzaak van jouw klachten ten gronde te ontdekken?  Dan is onze Prevent 360 echt iets voor jou!  Let wel: de Fidlab microbioomtest (\u20ac 189) moet extra betaald worden aan het labo.  Nog ter info: Dit traject bevat 4 uitgebreide consulten maar geen leefstijlcoaching. Betaal je liever in 3 keer, dan kan dat\u00a0hier.","og_url":"https:\/\/www.revivecoaching.be\/it\/prodotto-2\/prevent-360\/","og_site_name":"Revive Coaching","article_publisher":"https:\/\/www.facebook.com\/Revivegezondheidscoaching\/","article_modified_time":"2026-03-09T13:55:53+00:00","og_image":[{"width":1080,"height":1080,"url":"https:\/\/www.revivecoaching.be\/wp-content\/uploads\/2023\/11\/Aanbod-21.png","type":"image\/png"}],"twitter_card":"summary_large_image","twitter_misc":{"Tempo di lettura stimato":"1 minuto"},"schema":{"@context":"https:\/\/schema.org","@graph":[{"@type":"WebPage","@id":"https:\/\/www.revivecoaching.be\/product\/prevent-360\/","url":"https:\/\/www.revivecoaching.be\/product\/prevent-360\/","name":"Prevent 360 - Revive Coaching","isPartOf":{"@id":"https:\/\/www.revivecoaching.be\/#website"},"primaryImageOfPage":{"@id":"https:\/\/www.revivecoaching.be\/product\/prevent-360\/#primaryimage"},"image":{"@id":"https:\/\/www.revivecoaching.be\/product\/prevent-360\/#primaryimage"},"thumbnailUrl":"https:\/\/www.revivecoaching.be\/wp-content\/uploads\/2023\/11\/Aanbod-21.png","datePublished":"2023-11-08T12:04:48+00:00","dateModified":"2026-03-09T13:55:53+00:00","breadcrumb":{"@id":"https:\/\/www.revivecoaching.be\/product\/prevent-360\/#breadcrumb"},"inLanguage":"it-IT","potentialAction":[{"@type":"ReadAction","target":["https:\/\/www.revivecoaching.be\/product\/prevent-360\/"]}]},{"@type":"ImageObject","inLanguage":"it-IT","@id":"https:\/\/www.revivecoaching.be\/product\/prevent-360\/#primaryimage","url":"https:\/\/www.revivecoaching.be\/wp-content\/uploads\/2023\/11\/Aanbod-21.png","contentUrl":"https:\/\/www.revivecoaching.be\/wp-content\/uploads\/2023\/11\/Aanbod-21.png","width":1080,"height":1080},{"@type":"BreadcrumbList","@id":"https:\/\/www.revivecoaching.be\/product\/prevent-360\/#breadcrumb","itemListElement":[{"@type":"ListItem","position":1,"name":"Home","item":"https:\/\/www.revivecoaching.be\/"},{"@type":"ListItem","position":2,"name":"Winkel","item":"https:\/\/www.revivecoaching.be\/winkel\/"},{"@type":"ListItem","position":3,"name":"Aanbod Revive Coaching","item":"https:\/\/www.revivecoaching.be\/product-categorie\/aanbod-revive-coaching\/"},{"@type":"ListItem","position":4,"name":"Prevent 360"}]},{"@type":"WebSite","@id":"https:\/\/www.revivecoaching.be\/#website","url":"https:\/\/www.revivecoaching.be\/","name":"Revive Coaching","description":"La vostra rinascita inizia qui!","publisher":{"@id":"https:\/\/www.revivecoaching.be\/#organization"},"potentialAction":[{"@type":"SearchAction","target":{"@type":"EntryPoint","urlTemplate":"https:\/\/www.revivecoaching.be\/?s={search_term_string}"},"query-input":{"@type":"PropertyValueSpecification","valueRequired":true,"valueName":"search_term_string"}}],"inLanguage":"it-IT"},{"@type":"Organization","@id":"https:\/\/www.revivecoaching.be\/#organization","name":"Revive Coaching","url":"https:\/\/www.revivecoaching.be\/","logo":{"@type":"ImageObject","inLanguage":"it-IT","@id":"https:\/\/www.revivecoaching.be\/#\/schema\/logo\/image\/","url":"https:\/\/www.revivecoaching.be\/wp-content\/uploads\/2020\/09\/Revive-Logo-HD_A-1024x1024.png","contentUrl":"https:\/\/www.revivecoaching.be\/wp-content\/uploads\/2020\/09\/Revive-Logo-HD_A-1024x1024.png","width":1024,"height":1024,"caption":"Revive Coaching"},"image":{"@id":"https:\/\/www.revivecoaching.be\/#\/schema\/logo\/image\/"},"sameAs":["https:\/\/www.facebook.com\/Revivegezondheidscoaching\/","https:\/\/www.instagram.com\/revivecoaching\/"]}]}},"_links":{"self":[{"href":"https:\/\/www.revivecoaching.be\/it\/wp-json\/wp\/v2\/product\/32226","targetHints":{"allow":["GET"]}}],"collection":[{"href":"https:\/\/www.revivecoaching.be\/it\/wp-json\/wp\/v2\/product"}],"about":[{"href":"https:\/\/www.revivecoaching.be\/it\/wp-json\/wp\/v2\/types\/product"}],"wp:featuredmedia":[{"embeddable":true,"href":"https:\/\/www.revivecoaching.be\/it\/wp-json\/wp\/v2\/media\/37491"}],"wp:attachment":[{"href":"https:\/\/www.revivecoaching.be\/it\/wp-json\/wp\/v2\/media?parent=32226"}],"wp:term":[{"taxonomy":"product_brand","embeddable":true,"href":"https:\/\/www.revivecoaching.be\/it\/wp-json\/wp\/v2\/product_brand?post=32226"},{"taxonomy":"product_cat","embeddable":true,"href":"https:\/\/www.revivecoaching.be\/it\/wp-json\/wp\/v2\/product_cat?post=32226"},{"taxonomy":"product_tag","embeddable":true,"href":"https:\/\/www.revivecoaching.be\/it\/wp-json\/wp\/v2\/product_tag?post=32226"}],"curies":[{"name":"wp","href":"https:\/\/api.w.org\/{rel}","templated":true}]}}