{"id":33641,"date":"2024-06-05T14:01:28","date_gmt":"2024-06-05T12:01:28","guid":{"rendered":"https:\/\/www.revivecoaching.be\/?post_type=product&#038;p=33641"},"modified":"2024-06-26T08:39:28","modified_gmt":"2024-06-26T06:39:28","slug":"luce-di-traiettoria-del-booster","status":"publish","type":"product","link":"https:\/\/www.revivecoaching.be\/it\/product\/booster-traject-light\/","title":{"rendered":"Booster per vialetti"},"content":{"rendered":"","protected":false},"excerpt":{"rendered":"<div>\u00c8 da tempo che pensate di prendere in mano la vostra salute e, sulla base di test scientifici, di modificare la vostra dieta e il vostro stile di vita, ma ancora non ci siete riusciti.<\/div>\n<div><\/div>\n<div>Forse pensavate che il test del microbioma e del DNA fosse un passo troppo lungo e vorreste iniziare con un semplice esame del sangue utilizzando lo screening Fidlab Health (<a id=\"OWAfb2b8481-4269-4863-5d72-9cfa44910313\" href=\"https:\/\/www.revivecoaching.be\/wp-content\/uploads\/2023\/06\/Health-Check-voorbeeldrapport.pdf\" data-auth=\"NotApplicable\" data-linkindex=\"0\">esempio qui<\/a>) e il nuovissimo controllo nutrizionale -\u00a0<a id=\"OWA06587e62-14fa-2445-eaef-eb9ed0c67042\" href=\"https:\/\/www.revivecoaching.be\/wp-content\/uploads\/2024\/01\/nutritionelecheck_SIMSPON-HOMER.pdf\" data-auth=\"NotApplicable\" data-linkindex=\"1\">Fare clic qui per un esempio.<\/a><\/div>\n<div><\/div>\n<div>Per <strong>499\u20ac<\/strong>\u00a0<em>(escluso il laboratorio - (89\u20ac) e il costo del consulto medico)<\/em> - vi fornir\u00e0 la chiave per ottenere la versione nuova e pi\u00f9 sana di voi stessi.<\/div>\n<div><\/div>\n<div>Durante il consulto 1:1 con Els, la dottoressa vi illustrer\u00e0 i risultati delle analisi ma, cosa ancora pi\u00f9 importante, verranno fatti dei collegamenti tra i vostri sintomi e questi risultati.<\/div>\n<div><\/div>\n<div>Grazie a un piano d'azione completo, scoprirete come alimentarvi al meglio, quale integrazione vi si addice e quali interventi sullo stile di vita vi interessano.<\/div>\n<div>L'inizio ideale per ottenere la versione pi\u00f9 sana di voi stessi che sognate da tempo.<\/div>\n<div><\/div>\n<div>Come procedere?<\/div>\n<div><\/div>\n<div>Una volta acquistato il Booster Pathway Light, avrete accesso a un corso a vostra scelta:<\/div>\n<ol start=\"1\" data-listchain=\"__List_Chain_149\" data-editing-info=\"{&quot;orderedStyleType&quot;:1,&quot;unorderedStyleType&quot;:1}\">\n<li>\n<div>Fastercise<\/div>\n<\/li>\n<li>\n<div>Salute orale<\/div>\n<\/li>\n<li>\n<div>masterclass dall'accumulo di grassi alla combustione dei grassi<\/div>\n<\/li>\n<\/ol>\n<div>Dopo l'acquisto, inviate un'e-mail indicando la vostra preferenza e sarete collegati a questo corso.<\/div>\n<div><\/div>\n<div>In seguito, vi sottoporrete al prelievo di sangue complementare con un medico che collabora con Fidlab\/Medina (il vostro medico di famiglia o un nostro medico partner). Els affiancher\u00e0 lo screening della salute Fidlab e l'ultimo controllo nutrizionale al vostro MSQ (il questionario con i vostri disturbi che vi chiediamo di compilare) e in questo modo scoprirete la CAUSA dei vostri disturbi invece di curare i sintomi.<\/div>\n<div>Analizzeremo dove le cose stanno andando male per voi:<\/div>\n<ul>\n<li>Ormonale<\/li>\n<li>Infiammatorio<\/li>\n<li>Cardiovascolare<\/li>\n<li>Nutrizionale<\/li>\n<li>Lo stress<\/li>\n<\/ul>\n<div>Gli incendi costano tonnellate di energia e ne boicottano uno:<\/div>\n<div>*Peso sano<br \/>\n*Vita energetica<br \/>\n*Mente sana<\/div>\n<div><\/div>\n<div>In Revive Coaching lavoriamo su quella versione pi\u00f9 sana di voi stessi utilizzando il principio \"METEN is KNOWING\".<\/div>\n<div><\/div>\n<div>Els vi spiegher\u00e0 in modo esauriente i risultati di questa analisi del sangue complementare durante un consulto e scriver\u00e0 un piano d'azione per ottimizzare i processi biochimici del vostro corpo con l'obiettivo di ottenere pi\u00f9 energia, sonno migliore, meno obesit\u00e0 e disturbi ormonali. Dopo 6 settimane, avrete un colloquio di verifica con Els per mettere i puntini sulle \"i\" e apportare le modifiche necessarie.<\/div>\n<div><\/div>\n<div>Nota: Sia le analisi del sangue (89\u20ac) che la visita medica (a seconda del medico) devono essere pagate a parte al laboratorio\/medico.<\/div>\n<div><\/div>\n<div>Inoltre, riceverete una sessione completa di Intermittent Living che sar\u00e0 guidata nella giusta direzione dal PT &amp; intermittent living coach B\u00e9n\u00e9. Sarete immersi nella pratica e nel background teorico della respirazione intermittente, del freddo, del calore, dell'HIT e capirete perch\u00e9 certi strumenti aiutano la vostra salute. Dopo la sessione con il PT B\u00e9n\u00e9, avrete accesso a un canale video, in modo da poter sempre attingere a queste informazioni.<\/div>\n<div><\/div>\n<div>Siete pronti a dare un'occhiata concreta alla vostra salute per scoprire finalmente la causa principale dei vostri disturbi?<\/div>\n<div>Allora questa lampada a binario booster fa proprio al caso vostro!<\/div>","protected":false},"featured_media":33643,"template":"","meta":[],"product_brand":[],"product_cat":[73],"product_tag":[],"class_list":{"0":"post-33641","1":"product","2":"type-product","3":"status-publish","4":"has-post-thumbnail","6":"product_cat-aanbod-revive-coaching","8":"entry","9":"has-media","11":"first","12":"instock","13":"taxable","14":"shipping-taxable","15":"purchasable","16":"product-type-simple","17":"has-product-nav","18":"col","19":"span_1_of_3","20":"owp-content-center","21":"owp-thumbs-layout-horizontal","22":"owp-btn-normal","23":"owp-tabs-layout-horizontal","24":"has-no-thumbnails"},"yoast_head":"<!-- This site is optimized with the Yoast SEO plugin v27.5 - https:\/\/yoast.com\/product\/yoast-seo-wordpress\/ -->\n<title>Booster Traject Light - Revive Coaching<\/title>\n<meta name=\"robots\" content=\"index, follow, max-snippet:-1, max-image-preview:large, max-video-preview:-1\" \/>\n<link rel=\"canonical\" href=\"https:\/\/www.revivecoaching.be\/it\/prodotto-2\/luce-di-traiettoria-del-booster\/\" \/>\n<meta property=\"og:locale\" content=\"it_IT\" \/>\n<meta property=\"og:type\" content=\"article\" \/>\n<meta property=\"og:title\" content=\"Booster Traject Light - Revive Coaching\" \/>\n<meta property=\"og:description\" content=\"Je denkt er al geruime tijd aan om jouw gezondheid ECHT in handen te nemen en op basis van wetenschappelijke testen, je voeding &amp; lifestyle aan te passen, maar het kwam er nog niet van.  Misschien vond je de microbioom &amp; DNA testing net een stapje te ver, en wil je graag van start gaan met enkel je bloed te laten onderzoeken aan de hand van de Fidlab Health screening (voorbeeld hier) en de gloednieuwe nutritionele check \u2014\u00a0klik hier voor een voorbeeld.  Voor 499\u20ac\u00a0(exclusief de labo \u2013 (89\u20ac) &amp; doktersconsult kosten) \u2013 krijg jij de sleutel naar de nieuwe en gezondste versie van jezelf.  Tijdens jouw 1:1 consult met Els zal zij je meenemen in de resultaten van jouw analyses maar worden er vooral verbanden gelegd\u00a0tussen jouw klachten en die resultaten.  Dankzij een volledig plan van aanpak ontdek jij\u00a0hoe je het beste eet, welke suppletie bij jou past en welke leefstijl interventies voor jou van belang zijn. De ideale kick start naar die gezondere versie van jezelf waar je al zo lang van droomt.  Hoe gaan we te werk?  Eens je het Booster Traject Light hebt aangekocht, krijg je toegang tot \u00e9\u00e9n cursus naar keuze:    Fastercise   Orale mondgezondheid   masterclass van vetopslag naar vetverbranding  Na aankoop stuur je een mailtje, waarin jij jouw voorkeur aangeeft en dan wordt je aan deze cursus gekoppeld.  Dan ga je voor de\u00a0complementaire bloedafname\u00a0bij een arts die met Fidlab\/Medina werkt (jouw huisarts of een partner-arts van ons). Els legt dan de Fidlab Health screening &amp; de allernieuwste nutritionele check, naast jouw MSQ (de vragenlijst met jouw klachten die we jou vragen in te vullen) en zo ontdek je de OORZAAK van jouw klachten ipv aan symptoombestrijding te doen. We gaan onderzoeken waar het fout loopt bij jou:   Hormonaal  Inflammatoir  Cardiovasculair  Nutritioneel  Stress  Brandhaarden kosten jou\u00a0tonnen energie &amp; boycotten een: *Gezond\u00a0gewicht *Energetisch\u00a0leven *Gezonde\u00a0mindset  Bij Revive Coaching werken we met het principe van\u00a0METEN is WETEN\u00a0aan die gezondere versie van jezelf.  De resultaten van deze complementaire bloedanalyse, gaat Els tijdens een consult volledig uit de doeken doen en een plan van aanpak uitschrijven zodat we de biochemische processen in jouw lichaam gaan optimaliseren met als doel meer energie, betere slaap, minder overgewicht en hormonale klachten. Na 6 weken krijg je een opvolgconsult met Els om de laatste puntjes op de &quot;i&quot; te zetten en eventueel wat bij te sturen.  Let wel: Beide bloedanalyses (89\u20ac) en doktersbezoek (afh van dokter) moeten extra betaald worden aan het labo\/dokter.  Daarnaast krijg je een volledige sessie Intermittent Living die in goede banen wordt geleid door PT &amp; intermittent living coach B\u00e9n\u00e9. Je wordt ondergedompeld in de praktijk en theoretische achtergrond van intermittent breathing, cold, heat, HIT en krijg inzichten in waarom bepaalde tools jouw gezondheid voouithelpen. Na de sessie met PT B\u00e9n\u00e9 krijg je toegang tot een videokanaal, zodat je altijd op die informatie terug kan vallen.  Ben jij klaar voor een echte kijk in jouw gezondheid om eindelijk de oorzaak van jouw klachten ten gronde te ontdekken? Dan is dit booster traject light\u00a0echt iets voor jou!\" \/>\n<meta property=\"og:url\" content=\"https:\/\/www.revivecoaching.be\/it\/prodotto-2\/luce-di-traiettoria-del-booster\/\" \/>\n<meta property=\"og:site_name\" content=\"Revive Coaching\" \/>\n<meta property=\"article:publisher\" content=\"https:\/\/www.facebook.com\/Revivegezondheidscoaching\/\" \/>\n<meta property=\"article:modified_time\" content=\"2024-06-26T06:39:28+00:00\" \/>\n<meta property=\"og:image\" content=\"https:\/\/www.revivecoaching.be\/wp-content\/uploads\/2024\/06\/Aanbod-31.png\" \/>\n\t<meta property=\"og:image:width\" content=\"1080\" \/>\n\t<meta property=\"og:image:height\" content=\"1080\" \/>\n\t<meta property=\"og:image:type\" content=\"image\/png\" \/>\n<meta name=\"twitter:card\" content=\"summary_large_image\" \/>\n<meta name=\"twitter:label1\" content=\"Tempo di lettura stimato\" \/>\n\t<meta name=\"twitter:data1\" content=\"1 minuto\" \/>\n<script type=\"application\/ld+json\" class=\"yoast-schema-graph\">{\"@context\":\"https:\\\/\\\/schema.org\",\"@graph\":[{\"@type\":\"WebPage\",\"@id\":\"https:\\\/\\\/www.revivecoaching.be\\\/product\\\/booster-traject-light\\\/\",\"url\":\"https:\\\/\\\/www.revivecoaching.be\\\/product\\\/booster-traject-light\\\/\",\"name\":\"Booster Traject Light - Revive Coaching\",\"isPartOf\":{\"@id\":\"https:\\\/\\\/www.revivecoaching.be\\\/#website\"},\"primaryImageOfPage\":{\"@id\":\"https:\\\/\\\/www.revivecoaching.be\\\/product\\\/booster-traject-light\\\/#primaryimage\"},\"image\":{\"@id\":\"https:\\\/\\\/www.revivecoaching.be\\\/product\\\/booster-traject-light\\\/#primaryimage\"},\"thumbnailUrl\":\"https:\\\/\\\/www.revivecoaching.be\\\/wp-content\\\/uploads\\\/2024\\\/06\\\/Aanbod-31.png\",\"datePublished\":\"2024-06-05T12:01:28+00:00\",\"dateModified\":\"2024-06-26T06:39:28+00:00\",\"breadcrumb\":{\"@id\":\"https:\\\/\\\/www.revivecoaching.be\\\/product\\\/booster-traject-light\\\/#breadcrumb\"},\"inLanguage\":\"it-IT\",\"potentialAction\":[{\"@type\":\"ReadAction\",\"target\":[\"https:\\\/\\\/www.revivecoaching.be\\\/product\\\/booster-traject-light\\\/\"]}]},{\"@type\":\"ImageObject\",\"inLanguage\":\"it-IT\",\"@id\":\"https:\\\/\\\/www.revivecoaching.be\\\/product\\\/booster-traject-light\\\/#primaryimage\",\"url\":\"https:\\\/\\\/www.revivecoaching.be\\\/wp-content\\\/uploads\\\/2024\\\/06\\\/Aanbod-31.png\",\"contentUrl\":\"https:\\\/\\\/www.revivecoaching.be\\\/wp-content\\\/uploads\\\/2024\\\/06\\\/Aanbod-31.png\",\"width\":1080,\"height\":1080},{\"@type\":\"BreadcrumbList\",\"@id\":\"https:\\\/\\\/www.revivecoaching.be\\\/product\\\/booster-traject-light\\\/#breadcrumb\",\"itemListElement\":[{\"@type\":\"ListItem\",\"position\":1,\"name\":\"Home\",\"item\":\"https:\\\/\\\/www.revivecoaching.be\\\/\"},{\"@type\":\"ListItem\",\"position\":2,\"name\":\"Winkel\",\"item\":\"https:\\\/\\\/www.revivecoaching.be\\\/winkel\\\/\"},{\"@type\":\"ListItem\",\"position\":3,\"name\":\"Aanbod Revive Coaching\",\"item\":\"https:\\\/\\\/www.revivecoaching.be\\\/product-categorie\\\/aanbod-revive-coaching\\\/\"},{\"@type\":\"ListItem\",\"position\":4,\"name\":\"Booster Traject Light\"}]},{\"@type\":\"WebSite\",\"@id\":\"https:\\\/\\\/www.revivecoaching.be\\\/#website\",\"url\":\"https:\\\/\\\/www.revivecoaching.be\\\/\",\"name\":\"Revive Coaching\",\"description\":\"Your revive starts here!\",\"publisher\":{\"@id\":\"https:\\\/\\\/www.revivecoaching.be\\\/#organization\"},\"potentialAction\":[{\"@type\":\"SearchAction\",\"target\":{\"@type\":\"EntryPoint\",\"urlTemplate\":\"https:\\\/\\\/www.revivecoaching.be\\\/?s={search_term_string}\"},\"query-input\":{\"@type\":\"PropertyValueSpecification\",\"valueRequired\":true,\"valueName\":\"search_term_string\"}}],\"inLanguage\":\"it-IT\"},{\"@type\":\"Organization\",\"@id\":\"https:\\\/\\\/www.revivecoaching.be\\\/#organization\",\"name\":\"Revive Coaching\",\"url\":\"https:\\\/\\\/www.revivecoaching.be\\\/\",\"logo\":{\"@type\":\"ImageObject\",\"inLanguage\":\"it-IT\",\"@id\":\"https:\\\/\\\/www.revivecoaching.be\\\/#\\\/schema\\\/logo\\\/image\\\/\",\"url\":\"https:\\\/\\\/www.revivecoaching.be\\\/wp-content\\\/uploads\\\/2020\\\/09\\\/Revive-Logo-HD_A-1024x1024.png\",\"contentUrl\":\"https:\\\/\\\/www.revivecoaching.be\\\/wp-content\\\/uploads\\\/2020\\\/09\\\/Revive-Logo-HD_A-1024x1024.png\",\"width\":1024,\"height\":1024,\"caption\":\"Revive Coaching\"},\"image\":{\"@id\":\"https:\\\/\\\/www.revivecoaching.be\\\/#\\\/schema\\\/logo\\\/image\\\/\"},\"sameAs\":[\"https:\\\/\\\/www.facebook.com\\\/Revivegezondheidscoaching\\\/\",\"https:\\\/\\\/www.instagram.com\\\/revivecoaching\\\/\"]}]}<\/script>\n<!-- \/ Yoast SEO plugin. -->","yoast_head_json":{"title":"Booster Pathway Light - Revive Coaching","robots":{"index":"index","follow":"follow","max-snippet":"max-snippet:-1","max-image-preview":"max-image-preview:large","max-video-preview":"max-video-preview:-1"},"canonical":"https:\/\/www.revivecoaching.be\/it\/prodotto-2\/luce-di-traiettoria-del-booster\/","og_locale":"it_IT","og_type":"article","og_title":"Booster Traject Light - Revive Coaching","og_description":"Je denkt er al geruime tijd aan om jouw gezondheid ECHT in handen te nemen en op basis van wetenschappelijke testen, je voeding &amp; lifestyle aan te passen, maar het kwam er nog niet van.  Misschien vond je de microbioom &amp; DNA testing net een stapje te ver, en wil je graag van start gaan met enkel je bloed te laten onderzoeken aan de hand van de Fidlab Health screening (voorbeeld hier) en de gloednieuwe nutritionele check \u2014\u00a0klik hier voor een voorbeeld.  Voor 499\u20ac\u00a0(exclusief de labo \u2013 (89\u20ac) &amp; doktersconsult kosten) \u2013 krijg jij de sleutel naar de nieuwe en gezondste versie van jezelf.  Tijdens jouw 1:1 consult met Els zal zij je meenemen in de resultaten van jouw analyses maar worden er vooral verbanden gelegd\u00a0tussen jouw klachten en die resultaten.  Dankzij een volledig plan van aanpak ontdek jij\u00a0hoe je het beste eet, welke suppletie bij jou past en welke leefstijl interventies voor jou van belang zijn. De ideale kick start naar die gezondere versie van jezelf waar je al zo lang van droomt.  Hoe gaan we te werk?  Eens je het Booster Traject Light hebt aangekocht, krijg je toegang tot \u00e9\u00e9n cursus naar keuze:    Fastercise   Orale mondgezondheid   masterclass van vetopslag naar vetverbranding  Na aankoop stuur je een mailtje, waarin jij jouw voorkeur aangeeft en dan wordt je aan deze cursus gekoppeld.  Dan ga je voor de\u00a0complementaire bloedafname\u00a0bij een arts die met Fidlab\/Medina werkt (jouw huisarts of een partner-arts van ons). Els legt dan de Fidlab Health screening &amp; de allernieuwste nutritionele check, naast jouw MSQ (de vragenlijst met jouw klachten die we jou vragen in te vullen) en zo ontdek je de OORZAAK van jouw klachten ipv aan symptoombestrijding te doen. We gaan onderzoeken waar het fout loopt bij jou:   Hormonaal  Inflammatoir  Cardiovasculair  Nutritioneel  Stress  Brandhaarden kosten jou\u00a0tonnen energie &amp; boycotten een: *Gezond\u00a0gewicht *Energetisch\u00a0leven *Gezonde\u00a0mindset  Bij Revive Coaching werken we met het principe van\u00a0METEN is WETEN\u00a0aan die gezondere versie van jezelf.  De resultaten van deze complementaire bloedanalyse, gaat Els tijdens een consult volledig uit de doeken doen en een plan van aanpak uitschrijven zodat we de biochemische processen in jouw lichaam gaan optimaliseren met als doel meer energie, betere slaap, minder overgewicht en hormonale klachten. Na 6 weken krijg je een opvolgconsult met Els om de laatste puntjes op de \"i\" te zetten en eventueel wat bij te sturen.  Let wel: Beide bloedanalyses (89\u20ac) en doktersbezoek (afh van dokter) moeten extra betaald worden aan het labo\/dokter.  Daarnaast krijg je een volledige sessie Intermittent Living die in goede banen wordt geleid door PT &amp; intermittent living coach B\u00e9n\u00e9. Je wordt ondergedompeld in de praktijk en theoretische achtergrond van intermittent breathing, cold, heat, HIT en krijg inzichten in waarom bepaalde tools jouw gezondheid voouithelpen. Na de sessie met PT B\u00e9n\u00e9 krijg je toegang tot een videokanaal, zodat je altijd op die informatie terug kan vallen.  Ben jij klaar voor een echte kijk in jouw gezondheid om eindelijk de oorzaak van jouw klachten ten gronde te ontdekken? Dan is dit booster traject light\u00a0echt iets voor jou!","og_url":"https:\/\/www.revivecoaching.be\/it\/prodotto-2\/luce-di-traiettoria-del-booster\/","og_site_name":"Revive Coaching","article_publisher":"https:\/\/www.facebook.com\/Revivegezondheidscoaching\/","article_modified_time":"2024-06-26T06:39:28+00:00","og_image":[{"width":1080,"height":1080,"url":"https:\/\/www.revivecoaching.be\/wp-content\/uploads\/2024\/06\/Aanbod-31.png","type":"image\/png"}],"twitter_card":"summary_large_image","twitter_misc":{"Tempo di lettura stimato":"1 minuto"},"schema":{"@context":"https:\/\/schema.org","@graph":[{"@type":"WebPage","@id":"https:\/\/www.revivecoaching.be\/product\/booster-traject-light\/","url":"https:\/\/www.revivecoaching.be\/product\/booster-traject-light\/","name":"Booster Pathway Light - Revive Coaching","isPartOf":{"@id":"https:\/\/www.revivecoaching.be\/#website"},"primaryImageOfPage":{"@id":"https:\/\/www.revivecoaching.be\/product\/booster-traject-light\/#primaryimage"},"image":{"@id":"https:\/\/www.revivecoaching.be\/product\/booster-traject-light\/#primaryimage"},"thumbnailUrl":"https:\/\/www.revivecoaching.be\/wp-content\/uploads\/2024\/06\/Aanbod-31.png","datePublished":"2024-06-05T12:01:28+00:00","dateModified":"2024-06-26T06:39:28+00:00","breadcrumb":{"@id":"https:\/\/www.revivecoaching.be\/product\/booster-traject-light\/#breadcrumb"},"inLanguage":"it-IT","potentialAction":[{"@type":"ReadAction","target":["https:\/\/www.revivecoaching.be\/product\/booster-traject-light\/"]}]},{"@type":"ImageObject","inLanguage":"it-IT","@id":"https:\/\/www.revivecoaching.be\/product\/booster-traject-light\/#primaryimage","url":"https:\/\/www.revivecoaching.be\/wp-content\/uploads\/2024\/06\/Aanbod-31.png","contentUrl":"https:\/\/www.revivecoaching.be\/wp-content\/uploads\/2024\/06\/Aanbod-31.png","width":1080,"height":1080},{"@type":"BreadcrumbList","@id":"https:\/\/www.revivecoaching.be\/product\/booster-traject-light\/#breadcrumb","itemListElement":[{"@type":"ListItem","position":1,"name":"Home","item":"https:\/\/www.revivecoaching.be\/"},{"@type":"ListItem","position":2,"name":"Winkel","item":"https:\/\/www.revivecoaching.be\/winkel\/"},{"@type":"ListItem","position":3,"name":"Aanbod Revive Coaching","item":"https:\/\/www.revivecoaching.be\/product-categorie\/aanbod-revive-coaching\/"},{"@type":"ListItem","position":4,"name":"Booster Traject Light"}]},{"@type":"WebSite","@id":"https:\/\/www.revivecoaching.be\/#website","url":"https:\/\/www.revivecoaching.be\/","name":"Revive Coaching","description":"La vostra rinascita inizia qui!","publisher":{"@id":"https:\/\/www.revivecoaching.be\/#organization"},"potentialAction":[{"@type":"SearchAction","target":{"@type":"EntryPoint","urlTemplate":"https:\/\/www.revivecoaching.be\/?s={search_term_string}"},"query-input":{"@type":"PropertyValueSpecification","valueRequired":true,"valueName":"search_term_string"}}],"inLanguage":"it-IT"},{"@type":"Organization","@id":"https:\/\/www.revivecoaching.be\/#organization","name":"Revive Coaching","url":"https:\/\/www.revivecoaching.be\/","logo":{"@type":"ImageObject","inLanguage":"it-IT","@id":"https:\/\/www.revivecoaching.be\/#\/schema\/logo\/image\/","url":"https:\/\/www.revivecoaching.be\/wp-content\/uploads\/2020\/09\/Revive-Logo-HD_A-1024x1024.png","contentUrl":"https:\/\/www.revivecoaching.be\/wp-content\/uploads\/2020\/09\/Revive-Logo-HD_A-1024x1024.png","width":1024,"height":1024,"caption":"Revive Coaching"},"image":{"@id":"https:\/\/www.revivecoaching.be\/#\/schema\/logo\/image\/"},"sameAs":["https:\/\/www.facebook.com\/Revivegezondheidscoaching\/","https:\/\/www.instagram.com\/revivecoaching\/"]}]}},"_links":{"self":[{"href":"https:\/\/www.revivecoaching.be\/it\/wp-json\/wp\/v2\/product\/33641","targetHints":{"allow":["GET"]}}],"collection":[{"href":"https:\/\/www.revivecoaching.be\/it\/wp-json\/wp\/v2\/product"}],"about":[{"href":"https:\/\/www.revivecoaching.be\/it\/wp-json\/wp\/v2\/types\/product"}],"wp:featuredmedia":[{"embeddable":true,"href":"https:\/\/www.revivecoaching.be\/it\/wp-json\/wp\/v2\/media\/33643"}],"wp:attachment":[{"href":"https:\/\/www.revivecoaching.be\/it\/wp-json\/wp\/v2\/media?parent=33641"}],"wp:term":[{"taxonomy":"product_brand","embeddable":true,"href":"https:\/\/www.revivecoaching.be\/it\/wp-json\/wp\/v2\/product_brand?post=33641"},{"taxonomy":"product_cat","embeddable":true,"href":"https:\/\/www.revivecoaching.be\/it\/wp-json\/wp\/v2\/product_cat?post=33641"},{"taxonomy":"product_tag","embeddable":true,"href":"https:\/\/www.revivecoaching.be\/it\/wp-json\/wp\/v2\/product_tag?post=33641"}],"curies":[{"name":"wp","href":"https:\/\/api.w.org\/{rel}","templated":true}]}}